{"id":191,"date":"2020-05-11T14:26:55","date_gmt":"2020-05-11T14:26:55","guid":{"rendered":"https:\/\/\u00f5pitoad.ee\/?page_id=191"},"modified":"2022-04-27T13:15:55","modified_gmt":"2022-04-27T13:15:55","slug":"tellin-tooted-voi-teenude-e-poest","status":"publish","type":"page","link":"https:\/\/\u00f5pitoad.ee\/?page_id=191","title":{"rendered":"Tellin tooted v\u00f5i teenude e-poest"},"content":{"rendered":"\n\t\t\t\t<img loading=\"lazy\" decoding=\"async\" src=\"https:\/\/\u00f5pitoad.ee\/wp-content\/uploads\/2019\/11\/image001.jpg\" alt=\"signelly\" itemprop=\"image\" height=\"106\" width=\"173\" title=\"signelly\" onerror=\"this.style.display='none'\"  \/>\n\t<h4>Esita siin oma soovid teenusele. Pange kirja\u00a0 kuup\u00e4ev, millal \u00f5pituba soovite ja ka soovitud alguse aeg. Kui suur on teie grupp. V\u00e4ike kirjeldus millise \u00fcritusega on tegemist. P\u00e4rast s\u00f5numi saamist on t\u00e4pseteks l\u00e4bir\u00e4\u00e4kimisteks alati ka hea\u00a0 helistada tel 5143385.<\/h4>\n","protected":false},"excerpt":{"rendered":"<p>Esita siin oma soovid teenusele. Pange kirja\u00a0 kuup\u00e4ev, millal \u00f5pituba soovite ja ka soovitud alguse aeg. Kui suur on teie grupp. V\u00e4ike kirjeldus millise \u00fcritusega on tegemist. P\u00e4rast s\u00f5numi saamist on t\u00e4pseteks l\u00e4bir\u00e4\u00e4kimisteks alati ka hea\u00a0 helistada tel 5143385.<\/p>\n","protected":false},"author":1,"featured_media":0,"parent":0,"menu_order":0,"comment_status":"closed","ping_status":"closed","template":"","meta":{"footnotes":""},"class_list":["post-191","page","type-page","status-publish","hentry"],"_links":{"self":[{"href":"https:\/\/\u00f5pitoad.ee\/index.php?rest_route=\/wp\/v2\/pages\/191","targetHints":{"allow":["GET"]}}],"collection":[{"href":"https:\/\/\u00f5pitoad.ee\/index.php?rest_route=\/wp\/v2\/pages"}],"about":[{"href":"https:\/\/\u00f5pitoad.ee\/index.php?rest_route=\/wp\/v2\/types\/page"}],"author":[{"embeddable":true,"href":"https:\/\/\u00f5pitoad.ee\/index.php?rest_route=\/wp\/v2\/users\/1"}],"replies":[{"embeddable":true,"href":"https:\/\/\u00f5pitoad.ee\/index.php?rest_route=%2Fwp%2Fv2%2Fcomments&post=191"}],"version-history":[{"count":4,"href":"https:\/\/\u00f5pitoad.ee\/index.php?rest_route=\/wp\/v2\/pages\/191\/revisions"}],"predecessor-version":[{"id":338,"href":"https:\/\/\u00f5pitoad.ee\/index.php?rest_route=\/wp\/v2\/pages\/191\/revisions\/338"}],"wp:attachment":[{"href":"https:\/\/\u00f5pitoad.ee\/index.php?rest_route=%2Fwp%2Fv2%2Fmedia&parent=191"}],"curies":[{"name":"wp","href":"https:\/\/api.w.org\/{rel}","templated":true}]}}