{"id":2,"date":"2019-10-31T15:11:21","date_gmt":"2019-10-31T13:11:21","guid":{"rendered":"https:\/\/koduleht.pro\/tryhvliteopitoad\/?page_id=2"},"modified":"2025-10-27T08:35:23","modified_gmt":"2025-10-27T08:35:23","slug":"esileht","status":"publish","type":"page","link":"https:\/\/\u00f5pitoad.ee\/","title":{"rendered":"Esileht"},"content":{"rendered":"\n\t\t\t<img decoding=\"async\" src=\"https:\/\/\u00f5pitoad.ee\/wp-content\/uploads\/2020\/05\/Kodulehe-banneri-pilt-laiem.jpg\" alt=\"\" \/><a href=\"https:\/\/\u00f5pitoad.ee\/?page_id=6\" target=\"_self\" aria-label=\"\"><\/a>\t\t\t\n\t\t\t<a href=\"https:\/\/\u00f5pitoad.ee\/?page_id=6\" target=\"_self\" role=\"button\">\n\t\t\t\t\t\t\tRegistreeru\n\t\t\t\t\t<\/a>\n\t\t\t<img decoding=\"async\" src=\"https:\/\/\u00f5pitoad.ee\/wp-content\/uploads\/2020\/05\/Tr\u00fchvlid-emadep\u00e4evaks-2.jpg\" alt=\"\" \/><a href=\"https:\/\/\u00f5pitoad.ee\/?page_id=6\" target=\"_self\" aria-label=\"\"><\/a>\t\t\t\n\t\t\t<a href=\"https:\/\/\u00f5pitoad.ee\/?page_id=6\" target=\"_self\" role=\"button\">\n\t\t\t\t\t\t\tK\u00fcsi lisa\n\t\t\t\t\t<\/a>\n\t\t\t<img decoding=\"async\" src=\"https:\/\/\u00f5pitoad.ee\/wp-content\/uploads\/2024\/09\/IMG_4160-scaled.jpg\" alt=\"\" \/><a href=\"https:\/\/\u00f5pitoad.ee\/?page_id=6\" target=\"_self\" aria-label=\"Osale \u00f5pitoas ja saa teada, kuidas suus sulavaid tr\u00fchvleid valmistada\"><\/a>\t\t\t\n\t\t\t\t<h1>Osale \u00f5pitoas ja saa teada, kuidas suus sulavaid tr\u00fchvleid valmistada<\/h1>\n\t\t\t<a href=\"https:\/\/\u00f5pitoad.ee\/?page_id=6\" target=\"_self\" role=\"button\">\n\t\t\t\t\t\t\tTelli osalemise voucher\n\t\t\t\t\t<\/a>\n\t\t\t<img decoding=\"async\" src=\"https:\/\/\u00f5pitoad.ee\/wp-content\/uploads\/2020\/05\/J\u00f5ulupeole.jpg\" alt=\"\" \/>\t\t\t\n\t\t\t\t<a href=\"#\" aria-label=\"previous\" role=\"button\">\n<\/a>\n\t\t\t\t<a href=\"#\" aria-label=\"next\" role=\"button\">\n<\/a>\n<h1>\n\t\t<a href=\"https:\/\/\u00f5pitoad.ee\/?page_id=45&#038;fl\" title=\"Maitsev ja meeleolukas tr\u00fchvlite \u00f5pituba sinu \u00fcritusele\" target=\"_self\">\n\t\tMaitsev ja meeleolukas tr\u00fchvlite \u00f5pituba sinu \u00fcritusele\n\t\t<\/a>\n\t<\/h1>\n\t\t\t\t<a href=\"https:\/\/\u00f5pitoad.ee\/?page_id=191&#038;fl_builder\" target=\"_self\" itemprop=\"url\">\n\t\t\t\t<img loading=\"lazy\" decoding=\"async\" src=\"https:\/\/\u00f5pitoad.ee\/wp-content\/uploads\/2024\/09\/IMG_1089.jpg\" alt=\"IMG_1089\" itemprop=\"image\" height=\"1422\" width=\"1349\" title=\"IMG_1089\" onerror=\"this.style.display='none'\"  \/>\n\t\t\t\t<\/a>\n<h3><a href=\"https:\/\/\u00f5pitoad.ee\/?page_id=191&#038;fl_builder\" target=\"_self\">Tr\u00fchvlite \u00f5pitubade paketid koos restorani \u00f5htus\u00f6\u00f6giga<\/a><\/h3>\t\t\n\t\t\t\t<a href=\"https:\/\/\u00f5pitoad.ee\/?page_id=372\" target=\"_self\" itemprop=\"url\">\n\t\t\t\t<img loading=\"lazy\" decoding=\"async\" src=\"https:\/\/\u00f5pitoad.ee\/wp-content\/uploads\/2024\/09\/IMG_1092.jpg\" alt=\"IMG_1092\" itemprop=\"image\" height=\"1634\" width=\"1512\" title=\"IMG_1092\" onerror=\"this.style.display='none'\"  \/>\n\t\t\t\t<\/a>\n<h3><a href=\"https:\/\/\u00f5pitoad.ee\/?page_id=372\" target=\"_self\">L\u00f5bus \u015bokolaadipidu &#8211; valmista oma esimesed tr\u00fchvlid!<\/a><\/h3>\t\t\n\t\t\t\t<a href=\"https:\/\/\u00f5pitoad.ee\/?page_id=89\" target=\"_self\" itemprop=\"url\">\n\t\t\t\t<img loading=\"lazy\" decoding=\"async\" src=\"https:\/\/\u00f5pitoad.ee\/wp-content\/uploads\/2025\/01\/s\u00fcdamekarp1-scaled.jpg\" alt=\"s\u00fcdamekarp1\" itemprop=\"image\" height=\"2560\" width=\"2539\" title=\"s\u00fcdamekarp1\" onerror=\"this.style.display='none'\"  \/>\n\t\t\t\t<\/a>\n<h3><a href=\"https:\/\/\u00f5pitoad.ee\/?page_id=89\" target=\"_self\">Valentinip\u00e4evaks<\/a><\/h3>\t\t\n\t\t\t\t<a href=\"https:\/\/\u00f5pitoad.ee\/?page_id=404\" target=\"_self\" itemprop=\"url\">\n\t\t\t\t<img loading=\"lazy\" decoding=\"async\" src=\"https:\/\/\u00f5pitoad.ee\/wp-content\/uploads\/2019\/10\/Laud3.jpg\" alt=\"Laud3\" itemprop=\"image\" height=\"1713\" width=\"2255\" title=\"Laud3\" onerror=\"this.style.display='none'\"  \/>\n\t\t\t\t<\/a>\n<h3><a href=\"https:\/\/\u00f5pitoad.ee\/?page_id=404\" target=\"_self\">Asutustele J\u00f5ulupidude paketid, vaata j\u00e4rele ja broneeri!<\/a><\/h3>\t\t\n\t\t\t\t<a href=\"https:\/\/\u00f5pitoad.ee\/?page_id=43&#038;fl\" target=\"_self\" itemprop=\"url\">\n\t\t\t\t<img loading=\"lazy\" decoding=\"async\" src=\"https:\/\/\u00f5pitoad.ee\/wp-content\/uploads\/2020\/05\/T\u00f6\u00f6tajate-motivatsioonikooltus.jpg\" alt=\"T\u00f6\u00f6tajate motivatsioonikooltus\" itemprop=\"image\" height=\"331\" width=\"328\" title=\"T\u00f6\u00f6tajate motivatsioonikooltus\" onerror=\"this.style.display='none'\"  \/>\n\t\t\t\t<\/a>\n<h3><a href=\"https:\/\/\u00f5pitoad.ee\/?page_id=43&#038;fl\" target=\"_self\">T\u00f6\u00f6tajate motivatsioonikoolitus &#8211; koos valmistame tr\u00fchvleid<\/a><\/h3>\t\t\n\t\t\t\t<a href=\"https:\/\/\u00f5pitoad.ee\/?page_id=236\" target=\"_self\" itemprop=\"url\">\n\t\t\t\t<img loading=\"lazy\" decoding=\"async\" src=\"https:\/\/\u00f5pitoad.ee\/wp-content\/uploads\/2020\/07\/Laste-\u015bokolaadipidu-kodulehele.jpg\" alt=\"Laste \u015bokolaadipidu, kodulehele\" itemprop=\"image\" height=\"331\" width=\"328\" title=\"Laste \u015bokolaadipidu, kodulehele\" onerror=\"this.style.display='none'\"  \/>\n\t\t\t\t<\/a>\n<h3><a href=\"https:\/\/\u00f5pitoad.ee\/?page_id=236\" target=\"_self\">Laste \u015bokolaadipidu<\/a><\/h3>\t\t\n\t\t\t\t<a href=\"https:\/\/\u00f5pitoad.ee\/?page_id=36\" target=\"_self\" itemprop=\"url\">\n\t\t\t\t<img loading=\"lazy\" decoding=\"async\" src=\"https:\/\/\u00f5pitoad.ee\/wp-content\/uploads\/bb-plugin\/cache\/J\u00f5ulu\u00f5pitoad-square.jpg\" alt=\"J\u00f5ulu\u00f5pitoad\" itemprop=\"image\" height=\"331\" width=\"328\" title=\"J\u00f5ulu\u00f5pitoad\" onerror=\"this.style.display='none'\"  \/>\n\t\t\t\t<\/a>\n<h3><a href=\"https:\/\/\u00f5pitoad.ee\/?page_id=36\" target=\"_self\">Tr\u00fchvlite \u00f5pituba sinu asutuse j\u00f5ulupeole<\/a><\/h3>\t\t\n\t\t\t\t<a href=\"https:\/\/\u00f5pitoad.ee\/?page_id=93\" target=\"_self\" itemprop=\"url\">\n\t\t\t\t<img loading=\"lazy\" decoding=\"async\" src=\"https:\/\/\u00f5pitoad.ee\/wp-content\/uploads\/2024\/09\/IMG_1089.jpg\" alt=\"IMG_1089\" itemprop=\"image\" height=\"1422\" width=\"1349\" title=\"IMG_1089\" onerror=\"this.style.display='none'\"  \/>\n\t\t\t\t<\/a>\n<h3><a href=\"https:\/\/\u00f5pitoad.ee\/?page_id=93\" target=\"_self\">Tegus s\u00fcnnip\u00e4evapidu<\/a><\/h3>\t\t\n\t\t\t\t<a href=\"https:\/\/\u00f5pitoad.ee\/?page_id=41&#038;fl\" target=\"_self\" itemprop=\"url\">\n\t\t\t\t<img loading=\"lazy\" decoding=\"async\" src=\"https:\/\/\u00f5pitoad.ee\/wp-content\/uploads\/2020\/05\/T\u00f6\u00f6laud-v\u00e4iksem.jpg\" alt=\"T\u00f6\u00f6laud v\u00e4iksem\" itemprop=\"image\" height=\"331\" width=\"328\" title=\"T\u00f6\u00f6laud v\u00e4iksem\" onerror=\"this.style.display='none'\"  \/>\n\t\t\t\t<\/a>\n<h3><a href=\"https:\/\/\u00f5pitoad.ee\/?page_id=41&#038;fl\" target=\"_self\">Tee klientidele ise j\u00f5ulukingitused &#8211; \u015bokolaaditr\u00fchvlid<\/a><\/h3>\t\t\n\t\t\t\t<a href=\"https:\/\/\u00f5pitoad.ee\/?page_id=87\" target=\"_self\" itemprop=\"url\">\n\t\t\t\t<img loading=\"lazy\" decoding=\"async\" src=\"https:\/\/\u00f5pitoad.ee\/wp-content\/uploads\/bb-plugin\/cache\/IMG_3327-scaled-square.jpeg\" alt=\"IMG_3327\" itemprop=\"image\" height=\"1920\" width=\"2560\" title=\"IMG_3327\" onerror=\"this.style.display='none'\"  \/>\n\t\t\t\t<\/a>\n<h3><a href=\"https:\/\/\u00f5pitoad.ee\/?page_id=87\" target=\"_self\">Ruumi rent s\u00fcnnip\u00e4evapeoks<\/a><\/h3>\t\t\n\t\t\t\t<a href=\"https:\/\/\u00f5pitoad.ee\/?page_id=87\" target=\"_self\" itemprop=\"url\">\n\t\t\t\t<img loading=\"lazy\" decoding=\"async\" src=\"https:\/\/\u00f5pitoad.ee\/wp-content\/uploads\/bb-plugin\/cache\/tassid-ja-roos-v\u00e4ikem-square.jpg\" alt=\"tassid ja roos v\u00e4ikem\" itemprop=\"image\" height=\"789\" width=\"839\" title=\"tassid ja roos v\u00e4ikem\" onerror=\"this.style.display='none'\"  \/>\n\t\t\t\t<\/a>\n<h3><a href=\"https:\/\/\u00f5pitoad.ee\/?page_id=87\" target=\"_self\">Kingi emale \u00fcks ilus p\u00e4ev!<\/a><\/h3>\t\t\n\t\t\t\t<a href=\"https:\/\/\u00f5pitoad.ee\/?page_id=238&#038;fl_builder\" target=\"_self\" itemprop=\"url\">\n\t\t\t\t<img loading=\"lazy\" decoding=\"async\" src=\"https:\/\/\u00f5pitoad.ee\/wp-content\/uploads\/2020\/07\/T\u00fctarlaste\u00f5htud-Signelly-tr\u00fchvlite-\u00f5pitoas-kodulehele-copy.jpg\" alt=\"T\u00fctarlaste\u00f5htud Signelly tr\u00fchvlite \u00f5pitoas kodulehele copy\" itemprop=\"image\" height=\"331\" width=\"328\" title=\"T\u00fctarlaste\u00f5htud Signelly tr\u00fchvlite \u00f5pitoas kodulehele copy\" onerror=\"this.style.display='none'\"  \/>\n\t\t\t\t<\/a>\n<h3><a href=\"https:\/\/\u00f5pitoad.ee\/?page_id=238&#038;fl_builder\" target=\"_self\">T\u00fctarlaste\u00f5htu Tr\u00fchvlite \u00f5pitoas<\/a><\/h3>\t\t\n\t\t\t\t<a href=\"https:\/\/youtu.be\/nlM95_sL3UY\" target=\"_self\" itemprop=\"url\">\n\t\t\t\t<img loading=\"lazy\" decoding=\"async\" src=\"https:\/\/\u00f5pitoad.ee\/wp-content\/uploads\/2020\/05\/t\u00fcdrukud-t\u00f6\u00f6hoos.jpg\" alt=\"t\u00fcdrukud t\u00f6\u00f6hoos\" itemprop=\"image\" height=\"331\" width=\"328\" title=\"t\u00fcdrukud t\u00f6\u00f6hoos\" onerror=\"this.style.display='none'\"  \/>\n\t\t\t\t<\/a>\n<h4><a href=\"https:\/\/youtu.be\/nlM95_sL3UY\" target=\"_self\">Vaata videoklipist toimunud \u00f5pituba<\/a><\/h4>\t\t\n\t\t\t<h4>Tv3 saade Naudime Elu oli k\u00fclas Signelly Tr\u00fchvlite \u00f5pitoas.<\/h4>\n\t\t\t\t<a href=\"https:\/\/www.facebook.com\/opitoad\/\" target=\"_self\" itemprop=\"url\">\n\t\t\t\t<img decoding=\"async\" src=\"http:\/\/koduleht.pro\/tryhvliteopitoad\/wp-content\/uploads\/sites\/295\/2019\/10\/veebi-300x300.jpg\" alt=\"veebi\" itemprop=\"image\" title=\"veebi\" onerror=\"this.style.display='none'\"  \/>\n\t\t\t\t<\/a>\n<h4><a href=\"https:\/\/www.facebook.com\/opitoad\/\" target=\"_self\">K\u00fclasta Signelly \u00d5pitubade lehek\u00fclge FB-s<\/a><\/h4>\t\t\n\t\t\t<p>Siin on rohkelt pilte ja infot toimunud \u00f5pitubadest.<\/p>\n\t\t\t<h3>Kliendid meist<\/h3>\n\t\t\t<p><em>See on parim s\u00fcnnip\u00e4ev, mis mul kunagi olnud on!<br \/><\/em>&#8211; 11. aastane Olivia<\/p>\t\t\n\t\t\t<p><em>Kui ma olen j\u00e4lle s\u00f6\u00f6nud karbit\u00e4ie \u015bokolaadi, siis lohutan end nii &#8211; \u015bokolaad on tehtud kakaost, kakao on puuvili, siis j\u00e4relikult s\u00f5in salatit<br \/><\/em>&#8211; \u00fcks suur \u015bokolaadis\u00f5ber.<\/p>\t\t\n\t\t\t<a href=\"mailto: signelly@\u00f5pitoad.ee\" target=\"_self\" role=\"button\">\n\t\t\t\t\t\t\t<\/a>\n\t\t<h3>M\u00f5tled sellele, kuidas muuta aeg sisukamaks ja valmistada midagi eriliselt head ja suus sulavat.<\/h3>\n\t\t\t<a href=\"https:\/\/\u00f5pitoad.ee\/?page_id=6\" target=\"_self\" role=\"button\">\n\t\t\t\t\t\t\tRegistreeri \u00f5pituppa\n\t\t\t\t\t<\/a>\n<h3>\n\t\tKes me oleme\n\t<\/h3>\n\t<p>Meid teevad r\u00f5\u00f5msaks \u00f5nnestunud \u00fcritused ja \u00f5nnelikud inimesed, kes lahkuvad \u00f5pitoast oma esimeste isevalmistatud tr\u00fchvlikommidega.<\/p>\n<h4><strong>Address: Juhkentali 11, Tallinn<br \/>\n<\/strong><\/h4>\n<h4><strong>Phone: + 372 5143385<\/strong><\/h4>\n<h4><strong>Email: <a href=\"http:\/\/signelly@\u00f5pitoad.ee\">signelly@\u00f5pitoad.ee<\/a><\/strong><\/h4>\n<h3>\n\t\t<a href=\"https:\/\/koduleht.pro\/tryhvliteopitoad\/what-all-about\" title=\"Millest see k\u00f5ik on\" target=\"_self\">\n\t\tMillest see k\u00f5ik on\n\t\t<\/a>\n\t<\/h3>\n\t<p>Kui planeerimisel on s\u00fcnnip\u00e4evad, firma\u00fcritused, naistepeod, kokkutulekud v\u00f5i muu, korraldame selle palju sisukamaks magusa vahepalaga. Kutsu Signelly Tr\u00fchvlite \u00f5pituba ja teeme koos neid suurep\u00e4raseid ja mitmek\u00fclgseid komme. Meie \u00f5pituba on on populaarne paaritunnine \u00fcritus, kus iga\u00fcks saab hakkama! Saad teada p\u00f5nevaid fakte \u015bokolaadi ajaloost ja \u00f5pid mitmek\u00fclgseid v\u00f5imalusi neid maiuseid ise valmisada. Koolituse l\u00f5pus viid kaasa oma esimese karbit\u00e4ie tr\u00fchvleid.<\/p>\n<h3>\n\t\tMeid leiad\n\t<\/h3>\n\t<iframe src=\"https:\/\/www.google.com\/maps\/embed\/v1\/place?q=Juhkentali+11%2C+Tallinn&#038;key=AIzaSyD09zQ9PNDNNy9TadMuzRV_UsPUoWKntt8\" aria-hidden=\"true\"><\/iframe>\n<h3>\n\t\t<a href=\"mailto: signe@printherald.com\" title=\"Saada meile kiri.\" target=\"_self\">\n\t\tSaada meile kiri.\n\t\t<\/a>\n\t<\/h3>\n","protected":false},"excerpt":{"rendered":"<p>Registreeru K\u00fcsi lisa Osale \u00f5pitoas ja saa teada, kuidas suus sulavaid tr\u00fchvleid valmistada Telli osalemise voucher Maitsev ja meeleolukas tr\u00fchvlite \u00f5pituba sinu \u00fcritusele Tr\u00fchvlite \u00f5pitubade paketid koos restorani \u00f5htus\u00f6\u00f6giga L\u00f5bus \u015bokolaadipidu &#8211; valmista oma esimesed tr\u00fchvlid! Valentinip\u00e4evaks Asutustele J\u00f5ulupidude paketid, vaata j\u00e4rele ja broneeri! T\u00f6\u00f6tajate motivatsioonikoolitus &#8211; koos valmistame tr\u00fchvleid Laste \u015bokolaadipidu Tr\u00fchvlite \u00f5pituba sinu&hellip;<\/p>\n","protected":false},"author":1,"featured_media":0,"parent":0,"menu_order":0,"comment_status":"closed","ping_status":"open","template":"","meta":{"footnotes":""},"class_list":["post-2","page","type-page","status-publish","hentry"],"_links":{"self":[{"href":"https:\/\/\u00f5pitoad.ee\/index.php?rest_route=\/wp\/v2\/pages\/2","targetHints":{"allow":["GET"]}}],"collection":[{"href":"https:\/\/\u00f5pitoad.ee\/index.php?rest_route=\/wp\/v2\/pages"}],"about":[{"href":"https:\/\/\u00f5pitoad.ee\/index.php?rest_route=\/wp\/v2\/types\/page"}],"author":[{"embeddable":true,"href":"https:\/\/\u00f5pitoad.ee\/index.php?rest_route=\/wp\/v2\/users\/1"}],"replies":[{"embeddable":true,"href":"https:\/\/\u00f5pitoad.ee\/index.php?rest_route=%2Fwp%2Fv2%2Fcomments&post=2"}],"version-history":[{"count":79,"href":"https:\/\/\u00f5pitoad.ee\/index.php?rest_route=\/wp\/v2\/pages\/2\/revisions"}],"predecessor-version":[{"id":482,"href":"https:\/\/\u00f5pitoad.ee\/index.php?rest_route=\/wp\/v2\/pages\/2\/revisions\/482"}],"wp:attachment":[{"href":"https:\/\/\u00f5pitoad.ee\/index.php?rest_route=%2Fwp%2Fv2%2Fmedia&parent=2"}],"curies":[{"name":"wp","href":"https:\/\/api.w.org\/{rel}","templated":true}]}}