{"id":238,"date":"2020-07-03T12:48:19","date_gmt":"2020-07-03T12:48:19","guid":{"rendered":"https:\/\/\u00f5pitoad.ee\/?page_id=238"},"modified":"2025-10-27T08:39:10","modified_gmt":"2025-10-27T08:39:10","slug":"tutarlasteohtu-tuhvlite-opitoas","status":"publish","type":"page","link":"https:\/\/\u00f5pitoad.ee\/?page_id=238","title":{"rendered":"T\u00fctarlaste\u00f5htu tr\u00fchvlite \u00f5pitoas"},"content":{"rendered":"\n\t\t\t\t<img loading=\"lazy\" decoding=\"async\" src=\"https:\/\/\u00f5pitoad.ee\/wp-content\/uploads\/2020\/07\/T\u00fctarlaste\u00f5htud-Signelly-tr\u00fchvlite-\u00f5pitoas.jpg\" alt=\"T\u00fctarlaste\u00f5htud Signelly tr\u00fchvlite \u00f5pitoas\" itemprop=\"image\" height=\"325\" width=\"410\" title=\"T\u00fctarlaste\u00f5htud Signelly tr\u00fchvlite \u00f5pitoas\" onerror=\"this.style.display='none'\"  \/>\n\t<h2>T\u00fctarlaste\u00f5htu Signelly Tr\u00fchvlite \u00f5pitoas.<br \/>\n<\/h2>\n\t<p>K\u00f5ik pruudid ja pruutneitsid ja tulevaste pruutide s\u00f5brannad! &#8211; Kui plaanite huvitavat, armast, romantilist ja suus sulavat t\u00fctarlaste \u00f5htu korraldamist siis Signelly Tr\u00fchvlite \u00f5pituba on teie jaoks. K\u00f5ik osalejad valmistavad imelisi, suus sulavaid k\u00e4sit\u00f6\u00f6tr\u00fchvleid, mille saab kauni karbiga kaasa viia. Toimumiskoht Tallinnas, ilusa ilma korral looduskaunis kohas Harjumaal v\u00f5i tulen ka teie peokohta kohale. K\u00f5ik k\u00fcsimused ja ettepanekud teretulnud. Soovi korral kaasme seda \u00fcritust meenutama fotograafi. V\u00f5ta \u00fchendust aja broneerimiseks ja detailide l\u00e4bir\u00e4\u00e4kimiseks tel 5143385 v\u00f5i signelly@\u00f5pitoad.ee Kui tead tulevast pruuti, kellele see info v\u00f5iks vajalik olla, jaga seda tema ajajoonele.<\/p>\n\t\t\t<a href=\"https:\/\/xn--pitoad-oxa.ee\/?page_id=191&#038;fl_builder\" target=\"_self\" role=\"button\" rel=\"noopener noreferrer\">\n\t\t\t\t\t\t\tSoovin infot korraldamise kohta\n\t\t\t\t\t<\/a>\n","protected":false},"excerpt":{"rendered":"<p>T\u00fctarlaste\u00f5htu Signelly Tr\u00fchvlite \u00f5pitoas. K\u00f5ik pruudid ja pruutneitsid ja tulevaste pruutide s\u00f5brannad! &#8211; Kui plaanite huvitavat, armast, romantilist ja suus sulavat t\u00fctarlaste \u00f5htu korraldamist siis Signelly Tr\u00fchvlite \u00f5pituba on teie jaoks. K\u00f5ik osalejad valmistavad imelisi, suus sulavaid k\u00e4sit\u00f6\u00f6tr\u00fchvleid, mille saab kauni karbiga kaasa viia. Toimumiskoht Tallinnas, ilusa ilma korral looduskaunis kohas Harjumaal v\u00f5i tulen ka&hellip;<\/p>\n","protected":false},"author":1,"featured_media":0,"parent":0,"menu_order":0,"comment_status":"closed","ping_status":"closed","template":"","meta":{"footnotes":""},"class_list":["post-238","page","type-page","status-publish","hentry"],"_links":{"self":[{"href":"https:\/\/\u00f5pitoad.ee\/index.php?rest_route=\/wp\/v2\/pages\/238","targetHints":{"allow":["GET"]}}],"collection":[{"href":"https:\/\/\u00f5pitoad.ee\/index.php?rest_route=\/wp\/v2\/pages"}],"about":[{"href":"https:\/\/\u00f5pitoad.ee\/index.php?rest_route=\/wp\/v2\/types\/page"}],"author":[{"embeddable":true,"href":"https:\/\/\u00f5pitoad.ee\/index.php?rest_route=\/wp\/v2\/users\/1"}],"replies":[{"embeddable":true,"href":"https:\/\/\u00f5pitoad.ee\/index.php?rest_route=%2Fwp%2Fv2%2Fcomments&post=238"}],"version-history":[{"count":4,"href":"https:\/\/\u00f5pitoad.ee\/index.php?rest_route=\/wp\/v2\/pages\/238\/revisions"}],"predecessor-version":[{"id":483,"href":"https:\/\/\u00f5pitoad.ee\/index.php?rest_route=\/wp\/v2\/pages\/238\/revisions\/483"}],"wp:attachment":[{"href":"https:\/\/\u00f5pitoad.ee\/index.php?rest_route=%2Fwp%2Fv2%2Fmedia&parent=238"}],"curies":[{"name":"wp","href":"https:\/\/api.w.org\/{rel}","templated":true}]}}