{"id":36,"date":"2019-10-31T18:44:30","date_gmt":"2019-10-31T16:44:30","guid":{"rendered":"https:\/\/koduleht.pro\/tryhvliteopitoad\/?page_id=36"},"modified":"2025-10-27T08:39:57","modified_gmt":"2025-10-27T08:39:57","slug":"suus-sulavad-sokolaaditruhvlid-sinu-joulupeole","status":"publish","type":"page","link":"https:\/\/\u00f5pitoad.ee\/?page_id=36","title":{"rendered":"Suus sulavad \u0161okolaaditr\u00fchvlid sinu j\u00f5ulupeole"},"content":{"rendered":"\n\t\t\t\t<img decoding=\"async\" src=\"http:\/\/koduleht.pro\/tryhvliteopitoad\/wp-content\/uploads\/sites\/295\/2019\/10\/J\u00f5ulukomm1.jpg\" alt=\"\u0161okolaaditr\u00fchvlid j\u00f5ulupeole\" itemprop=\"image\" title=\"\u0161okolaaditr\u00fchvlid j\u00f5ulupeole\" onerror=\"this.style.display='none'\"  \/>\n<h3>\n\t<\/h3>\n<h1>\n\t\tValmistame koos \u0161okolaaditr\u00fchvlid j\u00f5ulupeole\n\t<\/h1>\n\t<h5><strong> Signelly Tr\u00fchvlite \u00f5pitoad teeb sinu j\u00f5ulu\u00fcrtuse meeldej\u00e4\u00e4vaks ja magusaks.<\/strong><strong>Meie \u00f5pituba on populaarne paaritunnine \u00fcritus, kus iga\u00fcks saab hakkama! Valmistame belgiap\u00e4raseid kastetuid tr\u00fchvleid, millele v\u00f5rratud t\u00e4idised ja prantsusp\u00e4raseid pehmeid purukattega tr\u00fchvleid, millel valida 20 erineva marjapuru ja p\u00e4hklikatte, nii et iga komm on erineva maitsega ja iga\u00fcks leiab oma parima kombinatsiooni. Saad teada p\u00f5nevaid fakte \u015bokolaadi ajaloost ja \u00f5pid mitmek\u00fclgseid v\u00f5imalusi neid maiuseid ise valmisama. Koolituse l\u00f5pus viid kaasa oma esimese karbit\u00e4ie tr\u00fchvleid ja oskuse neid komme edaspidi ise teha, ning p\u00f5nevad retseptid.<\/strong><\/h5>\n\t\t\t<a href=\"https:\/\/xn--pitoad-oxa.ee\/?page_id=191&#038;fl\" target=\"_self\" role=\"button\" rel=\"noopener noreferrer\">\n\t\t\t\t\t\t\tSee \u00f5pituba sobib mulle\n\t\t\t\t\t<\/a>\n","protected":false},"excerpt":{"rendered":"<p>Valmistame koos \u0161okolaaditr\u00fchvlid j\u00f5ulupeole Signelly Tr\u00fchvlite \u00f5pitoad teeb sinu j\u00f5ulu\u00fcrtuse meeldej\u00e4\u00e4vaks ja magusaks.Meie \u00f5pituba on populaarne paaritunnine \u00fcritus, kus iga\u00fcks saab hakkama! Valmistame belgiap\u00e4raseid kastetuid tr\u00fchvleid, millele v\u00f5rratud t\u00e4idised ja prantsusp\u00e4raseid pehmeid purukattega tr\u00fchvleid, millel valida 20 erineva marjapuru ja p\u00e4hklikatte, nii et iga komm on erineva maitsega ja iga\u00fcks leiab oma parima kombinatsiooni. Saad&hellip;<\/p>\n","protected":false},"author":1,"featured_media":18,"parent":0,"menu_order":0,"comment_status":"closed","ping_status":"closed","template":"","meta":{"footnotes":""},"class_list":["post-36","page","type-page","status-publish","has-post-thumbnail","hentry"],"_links":{"self":[{"href":"https:\/\/\u00f5pitoad.ee\/index.php?rest_route=\/wp\/v2\/pages\/36","targetHints":{"allow":["GET"]}}],"collection":[{"href":"https:\/\/\u00f5pitoad.ee\/index.php?rest_route=\/wp\/v2\/pages"}],"about":[{"href":"https:\/\/\u00f5pitoad.ee\/index.php?rest_route=\/wp\/v2\/types\/page"}],"author":[{"embeddable":true,"href":"https:\/\/\u00f5pitoad.ee\/index.php?rest_route=\/wp\/v2\/users\/1"}],"replies":[{"embeddable":true,"href":"https:\/\/\u00f5pitoad.ee\/index.php?rest_route=%2Fwp%2Fv2%2Fcomments&post=36"}],"version-history":[{"count":4,"href":"https:\/\/\u00f5pitoad.ee\/index.php?rest_route=\/wp\/v2\/pages\/36\/revisions"}],"predecessor-version":[{"id":266,"href":"https:\/\/\u00f5pitoad.ee\/index.php?rest_route=\/wp\/v2\/pages\/36\/revisions\/266"}],"wp:featuredmedia":[{"embeddable":true,"href":"https:\/\/\u00f5pitoad.ee\/index.php?rest_route=\/wp\/v2\/media\/18"}],"wp:attachment":[{"href":"https:\/\/\u00f5pitoad.ee\/index.php?rest_route=%2Fwp%2Fv2%2Fmedia&parent=36"}],"curies":[{"name":"wp","href":"https:\/\/api.w.org\/{rel}","templated":true}]}}