{"id":372,"date":"2023-03-07T21:11:42","date_gmt":"2023-03-07T21:11:42","guid":{"rendered":"https:\/\/\u00f5pitoad.ee\/?page_id=372"},"modified":"2025-01-17T20:06:51","modified_gmt":"2025-01-17T20:06:51","slug":"tee-sobrale-ullatussunnipaev","status":"publish","type":"page","link":"https:\/\/\u00f5pitoad.ee\/?page_id=372","title":{"rendered":"Tee s\u00f5brale \u00fcllatuss\u00fcnnip\u00e4ev"},"content":{"rendered":"\n\t\t\t\t<img loading=\"lazy\" decoding=\"async\" src=\"https:\/\/\u00f5pitoad.ee\/wp-content\/uploads\/2023\/09\/IMG_3553.jpg\" alt=\"IMG_3553\" itemprop=\"image\" height=\"466\" width=\"828\" title=\"IMG_3553\" onerror=\"this.style.display='none'\"  \/>\n\t<p>\u00dcllatuss\u00fcnnip\u00e4ev!!!!<\/p>\n<p>\u00dcllata oma head s\u00f5pra, ema v\u00f5i \u00f5de toreda \u00fcllatuss\u00fcnnip\u00e4evaga Signelly Tr\u00fchvlite \u00f5pitoas. Meil on \u00f5dusalt sisustatud ruumid Juhkentali tn 11, Tallinn, kus mahutame kuni 20 k\u00fclalist. Broneeri aeg s\u00fcnnip\u00e4evaks l\u00e4biviimiseks ja hoolitse, et k\u00f5ik soovitud k\u00fclalisd saaks kutsutud, muu j\u00e4ta meie hooleks.<\/p>\n<p>Broneeri aeg tel 5143385<\/p>\n","protected":false},"excerpt":{"rendered":"<p>\u00dcllatuss\u00fcnnip\u00e4ev!!!! \u00dcllata oma head s\u00f5pra, ema v\u00f5i \u00f5de toreda \u00fcllatuss\u00fcnnip\u00e4evaga Signelly Tr\u00fchvlite \u00f5pitoas. Meil on \u00f5dusalt sisustatud ruumid Juhkentali tn 11, Tallinn, kus mahutame kuni 20 k\u00fclalist. Broneeri aeg s\u00fcnnip\u00e4evaks l\u00e4biviimiseks ja hoolitse, et k\u00f5ik soovitud k\u00fclalisd saaks kutsutud, muu j\u00e4ta meie hooleks. Broneeri aeg tel 5143385<\/p>\n","protected":false},"author":1,"featured_media":323,"parent":0,"menu_order":0,"comment_status":"closed","ping_status":"closed","template":"","meta":{"footnotes":""},"class_list":["post-372","page","type-page","status-publish","has-post-thumbnail","hentry"],"_links":{"self":[{"href":"https:\/\/\u00f5pitoad.ee\/index.php?rest_route=\/wp\/v2\/pages\/372","targetHints":{"allow":["GET"]}}],"collection":[{"href":"https:\/\/\u00f5pitoad.ee\/index.php?rest_route=\/wp\/v2\/pages"}],"about":[{"href":"https:\/\/\u00f5pitoad.ee\/index.php?rest_route=\/wp\/v2\/types\/page"}],"author":[{"embeddable":true,"href":"https:\/\/\u00f5pitoad.ee\/index.php?rest_route=\/wp\/v2\/users\/1"}],"replies":[{"embeddable":true,"href":"https:\/\/\u00f5pitoad.ee\/index.php?rest_route=%2Fwp%2Fv2%2Fcomments&post=372"}],"version-history":[{"count":3,"href":"https:\/\/\u00f5pitoad.ee\/index.php?rest_route=\/wp\/v2\/pages\/372\/revisions"}],"predecessor-version":[{"id":468,"href":"https:\/\/\u00f5pitoad.ee\/index.php?rest_route=\/wp\/v2\/pages\/372\/revisions\/468"}],"wp:featuredmedia":[{"embeddable":true,"href":"https:\/\/\u00f5pitoad.ee\/index.php?rest_route=\/wp\/v2\/media\/323"}],"wp:attachment":[{"href":"https:\/\/\u00f5pitoad.ee\/index.php?rest_route=%2Fwp%2Fv2%2Fmedia&parent=372"}],"curies":[{"name":"wp","href":"https:\/\/api.w.org\/{rel}","templated":true}]}}