{"id":399,"date":"2023-09-19T08:31:51","date_gmt":"2023-09-19T08:31:51","guid":{"rendered":"https:\/\/\u00f5pitoad.ee\/?page_id=399"},"modified":"2023-09-20T16:06:03","modified_gmt":"2023-09-20T16:06:03","slug":"kakao-iidsed-juured","status":"publish","type":"page","link":"https:\/\/\u00f5pitoad.ee\/?page_id=399","title":{"rendered":"Kakao iidsed juured"},"content":{"rendered":"\n\t<h3><strong>Kakao iidsed juured ja selle kasutamine Mehhiko rahvusk\u00f6\u00f6gi<\/strong>s.<\/h3>\n<p><strong>Ootame sind osalema sellel ainukordsel ja erilisel \u00fcritusel ! 20. oktoober, kell 17.00<\/strong><\/p>\n<p>Piletid m\u00fc\u00fcgis <a href=\"https:\/\/fienta.com\/et\/kakao-iidsed-juured-mehhiko-kirjaniku-stephanie-rendoniga\">Fientas<\/a><\/p>\nMehhiko kirjanik Stephanie Rend\u00f3n r\u00e4\u00e4gib meile k\u00f5ike kakao iidsest p\u00e4ritolust. Kuidas maiad ja asteegid selle v\u00e4\u00e4rtust kiitsid ja rituaalides kasutasid. Saate teada kakao t\u00e4htsusest Mehhiko rahvusk\u00f6\u00f6gis. Selles t\u00f6\u00f6toas saate proovida midagi ainulaadset ja spetsiaalselt meile valmistatud: omatehtud ja traditsioonilist &#8220;mole&#8221;. Mole on Mehhiko \u00fcks s\u00fcmboolsemaid traditsioonilisi roogasid ning oma pika ajaloo, keerukuse ja kulinaarse kunsti t\u00f5ttu on sellest saanud eksootiline ja rikkalik valik kogu maailma kokkadele. Mole \u00fchendab suurep\u00e4raselt kakao ja Mehhiko t\u0161illi segu. Kas tahaksite maitsta Mehhiko kirjaniku peremole retsepti? Lisaks &#8220;molele&#8221; saate proovida traditsioonilist Mehhiko t\u0161illikastet, mille koostisosadeks on kakao ja \u00f5lu. \u00c4rge kartke Mehhiko t\u0161illit. On eksiarvamus, et need teevad keelele haiget. \u00d5iges tasakaalus t\u0161illi ja kakao sobivad suurep\u00e4raselt kokku! Samuti saate proovida traditsioonilist magusat kuuma kakao jooki, mida mehhiklased armastavad k\u00fclmadel p\u00e4evadel juua v\u00f5i nautida koos magusa leivat\u00fckiga.<br \/>\nSelles t\u00f6\u00f6toas saad proovida:<br \/>\n&#8211; omatehtud &#8220;mole&#8221;<br \/>\n-\u00f5lu, t\u0161illi ja \u0161okolaadikaste<br \/>\n&#8211; kakao kuum jook\n<p>Olete oodatud registreeruma siin v\u00f5i osta pilet osalemisele Fientast siit lingi kaudu.<\/p>\n<p>Osalemistasu 35\u20ac<\/p>\n<p>Telli oma pilet signe@\u00f5pitoad.ee<\/p>\n<p><a href=\"http:\/\/signe@\u00f5pitoad.ee\">signe@\u00f5pitoad.ee<\/a><\/p>\n<p>Kohtade arv on piiratud. Kiire registreerumine tagab osalemise.<\/p>\n<p>K\u00fcsimused palun tel 5143385<\/p>\n<p>&nbsp;<\/p>\n\t\t\t\t<img loading=\"lazy\" decoding=\"async\" src=\"https:\/\/\u00f5pitoad.ee\/wp-content\/uploads\/2023\/09\/IMG_8459.jpg\" alt=\"IMG_8459\" itemprop=\"image\" height=\"512\" width=\"304\" title=\"IMG_8459\" onerror=\"this.style.display='none'\"  \/>\n\t\t\t\t<img loading=\"lazy\" decoding=\"async\" src=\"https:\/\/\u00f5pitoad.ee\/wp-content\/uploads\/2023\/09\/IMG_8460.jpg\" alt=\"IMG_8460\" itemprop=\"image\" height=\"344\" width=\"512\" title=\"IMG_8460\" onerror=\"this.style.display='none'\"  \/>\n\t\t\t\t<img decoding=\"async\" src=\"https:\/\/\u00f5pitoad.ee\/wp-content\/plugins\/bb-plugin\/img\/pixel.png\" alt=\"\" itemprop=\"image\" onerror=\"this.style.display='none'\"  \/>\n","protected":false},"excerpt":{"rendered":"<p>Kakao iidsed juured ja selle kasutamine Mehhiko rahvusk\u00f6\u00f6gis. Ootame sind osalema sellel ainukordsel ja erilisel \u00fcritusel ! 20. oktoober, kell 17.00 Piletid m\u00fc\u00fcgis Fientas Mehhiko kirjanik Stephanie Rend\u00f3n r\u00e4\u00e4gib meile k\u00f5ike kakao iidsest p\u00e4ritolust. Kuidas maiad ja asteegid selle v\u00e4\u00e4rtust kiitsid ja rituaalides kasutasid. Saate teada kakao t\u00e4htsusest Mehhiko rahvusk\u00f6\u00f6gis. Selles t\u00f6\u00f6toas saate proovida midagi&hellip;<\/p>\n","protected":false},"author":1,"featured_media":0,"parent":0,"menu_order":0,"comment_status":"closed","ping_status":"closed","template":"","meta":{"footnotes":""},"class_list":["post-399","page","type-page","status-publish","hentry"],"_links":{"self":[{"href":"https:\/\/\u00f5pitoad.ee\/index.php?rest_route=\/wp\/v2\/pages\/399","targetHints":{"allow":["GET"]}}],"collection":[{"href":"https:\/\/\u00f5pitoad.ee\/index.php?rest_route=\/wp\/v2\/pages"}],"about":[{"href":"https:\/\/\u00f5pitoad.ee\/index.php?rest_route=\/wp\/v2\/types\/page"}],"author":[{"embeddable":true,"href":"https:\/\/\u00f5pitoad.ee\/index.php?rest_route=\/wp\/v2\/users\/1"}],"replies":[{"embeddable":true,"href":"https:\/\/\u00f5pitoad.ee\/index.php?rest_route=%2Fwp%2Fv2%2Fcomments&post=399"}],"version-history":[{"count":7,"href":"https:\/\/\u00f5pitoad.ee\/index.php?rest_route=\/wp\/v2\/pages\/399\/revisions"}],"predecessor-version":[{"id":439,"href":"https:\/\/\u00f5pitoad.ee\/index.php?rest_route=\/wp\/v2\/pages\/399\/revisions\/439"}],"wp:attachment":[{"href":"https:\/\/\u00f5pitoad.ee\/index.php?rest_route=%2Fwp%2Fv2%2Fmedia&parent=399"}],"curies":[{"name":"wp","href":"https:\/\/api.w.org\/{rel}","templated":true}]}}