{"id":404,"date":"2023-09-19T08:45:36","date_gmt":"2023-09-19T08:45:36","guid":{"rendered":"https:\/\/\u00f5pitoad.ee\/?page_id=404"},"modified":"2025-10-27T09:06:03","modified_gmt":"2025-10-27T09:06:03","slug":"joulupidude-paketid","status":"publish","type":"page","link":"https:\/\/\u00f5pitoad.ee\/?page_id=404","title":{"rendered":"J\u00f5ulupidude paketid"},"content":{"rendered":"\n\t<h3><strong>J\u00f5ulupidu Tr\u00fchvlite \u00f5pitoaga La Bocca restoranis.<\/strong><\/h3>\n<p>Mahutab kuni 50 osalejat<\/p>\n<p>Naudi elu nagu itaalane &#8211;  Itaalia stiilis La Bocca restoranis on lai vali  parimaid maitseid. V\u00e4rske pasta, pitzza ja dolci valmivad sinu silme all. Sinu unustamatu j\u00f5ulupidu algab siit.<\/p>\n<p>V\u00f5imalik valida grupimen\u00fc\u00fcd kui ka a\u2019la carte toidud.<\/p>\n\n<p>Kui leidsid siit oma ettev\u00f5ttele sobiva \u00fcrituse v\u00f5ta \u00fchendust\u00a0<a href=\"mailto:signe@%C3%B5pitoad.ee\">signe@\u00f5pitoad.ee<\/a>\u00a0v\u00f5i tel 5143385 ja anna teada oma soovist.<\/p>\n<p>&nbsp;<\/p>\n\t\t\t\t<img loading=\"lazy\" decoding=\"async\" src=\"https:\/\/\u00f5pitoad.ee\/wp-content\/uploads\/2025\/10\/IMG_3459.jpg\" alt=\"Screenshot\" itemprop=\"image\" height=\"745\" width=\"828\" title=\"Screenshot\" onerror=\"this.style.display='none'\"  \/>\n\t<h3><strong>Signelly Tr\u00fchvlite \u00f5pituba Roof restoranis hotellis M\u00f3venpick, Lembitu 12, Tallinn.<\/strong><\/h3>\n<p>&nbsp;<\/p>\n\n&nbsp;\nMahutab kuni 60 osalejat. J\u00f5ulupaketi toitulustuse hind grupile alates 10 osalejat on 45.-\u20ac k\u00fclaline ja \u00f5pitoa hind 35\u20ac oszalej\u0105.<br \/>\nV\u00f5imalik lisada ka \u00f6\u00f6bimised ja Spa k\u00fclastus.<br \/>\nSignelly Tr\u00fchvlite \u00f5pituba on siin v\u00f5imalik tellida nii t\u00f6\u00f6tajate motivatsioonikoolitusena kui ka j\u00f5ulupaketina.<br \/>\nVii oma j\u00f5ulupidu ja puhkus uuele luksustasemele, \u015bokolaadi teemalises hotellis ja restoranis.\n<p> V\u00f5ta \u00fchendust\u00a0<a href=\"mailto:signe@%C3%B5pitoad.ee\">signe@\u00f5pitoad.ee<\/a>\u00a0v\u00f5i tel 5143385 ja anna teada oma soovist.<\/p>\n<p>&nbsp;<\/p>\n\t<h3><strong>Signelly Tr\u00fchvlite \u00f5pituba ja pidu unikaalses Ajaveskis<\/strong><\/h3>\n<p>&nbsp;<\/p>\n<p>Veski talu, Loo k\u00fcla, Harju mk, 22 km Tallinnast<\/p>\n<p>&nbsp;<\/p>\n<p>Unikaalselt taastatud vana Veski on kunagine Kostivere m\u00f5isa tuuleveski, millele on antud stiilse restaureerimisega uus elu &#8211; see on omalaadne kunstikoda, mille v\u00f5imsad m\u00fc\u00fcrid, kui ka valgusk\u00fcllane atmosf\u00e4\u00e4r on eriti loovad. Signelly Tr\u00fchvlite \u00f5pituba on siin v\u00f5imalik tellida nii t\u00f6\u00f6tajate motivatsioonikoolitusena kui ka j\u00f5ulupaketina, kus koos Mereaiarestoraniga valmistatakse teile j\u00f5uluteemaline \u00f5htus\u00f6\u00f6k.<\/p>\n<p>Hinnad alates 35. eur 1 osaleja, millele lisandub toitlustuse hind vastavalt tellimusele. Mahutab kuni 30 osalejat.<\/p>\n<p>Kui leidsid siit oma ettev\u00f5ttele sobiva \u00fcrituse v\u00f5ta \u00fchendust\u00a0<a href=\"mailto:signe@%C3%B5pitoad.ee\">signe@\u00f5pitoad.ee<\/a>\u00a0v\u00f5i tel 5143385 ja anna teada oma soovist.<\/p>\n<p>&nbsp;<\/p>\n\t\t\t\t<img loading=\"lazy\" decoding=\"async\" src=\"https:\/\/\u00f5pitoad.ee\/wp-content\/uploads\/2025\/10\/d2e90852_fe45_4ed6_9c8f_6e7fd5be012a.jpg\" alt=\"d2e90852_fe45_4ed6_9c8f_6e7fd5be012a\" itemprop=\"image\" height=\"903\" width=\"1280\" title=\"d2e90852_fe45_4ed6_9c8f_6e7fd5be012a\" onerror=\"this.style.display='none'\"  \/>\n\t\t\t\t<img loading=\"lazy\" decoding=\"async\" src=\"https:\/\/\u00f5pitoad.ee\/wp-content\/uploads\/2022\/04\/IMG_5021-1-1024x992.jpg\" alt=\"IMG_5021\" itemprop=\"image\" height=\"992\" width=\"1024\" title=\"IMG_5021\" onerror=\"this.style.display='none'\"  \/>\n\t<h3><b>Signelly Tr\u00fchvlite \u00f5pituba Juhkentali tn 11, Tallinn .<\/b><\/h3>\n<h3><b>See on meie troopika h\u00f5nguline \u00f5pitubade ruumi, mis mahutab kuni 15 osalejat.<\/b><\/h3>\n<p>Grupi suurus 8 kuni 15 osalejat.<\/p>\n<p>\u00d5pitoa hind 30 eur 1 osav\u00f5tja.<\/p>\n<p>V\u00f5imalik korraldada suupistetega \u00fcritus ja kohvi &#8211; tee &#8211; kakao nautime koos tr\u00fchvlitega.<\/p>\n<p>Kui leidsid siit oma ettev\u00f5ttele sobiva \u00fcrituse v\u00f5ta \u00fchendust\u00a0<a href=\"mailto:signe@%C3%B5pitoad.ee\">signe@\u00f5pitoad.ee<\/a>\u00a0v\u00f5i tel 5143385 ja anna teada oma soovist.<\/p>\n<p>&nbsp;<\/p>\n\t\t\t\t<img loading=\"lazy\" decoding=\"async\" src=\"https:\/\/\u00f5pitoad.ee\/wp-content\/uploads\/2023\/09\/IMG_3322-scaled.jpeg\" alt=\"IMG_3322\" itemprop=\"image\" height=\"2560\" width=\"1920\" title=\"IMG_3322\" onerror=\"this.style.display='none'\"  \/>\n\t\t\t\t<img decoding=\"async\" src=\"https:\/\/\u00f5pitoad.ee\/wp-content\/plugins\/bb-plugin\/img\/pixel.png\" alt=\"\" itemprop=\"image\" onerror=\"this.style.display='none'\"  \/>\n\t<h3><b>Signelly Tr\u00fchvlite \u00f5pituba loomingust pakatavas Katariina Gildis<\/b><\/h3>\n<p>Katariina k\u00e4igu \u00f5u on \u00fcks huvitavamaid Tallinnas mis viib Vene t\u00e4navalt otse M\u00fc\u00fcrivahe tn ja see ala on t\u00f5eline kunstiallikas meie vanalinnas. Siin korraldatava Signelly Tr\u00fchvlite \u00f5pitoale lisaks saate mugavalt soetada ka kunstialased j\u00f5uluostud, siin paiknevad, klaasikoda, keraamika- ja nahakunsti stuudio, tekstiili-, k\u00fcbara- ja ehtekoda jpm.<\/p>\n<p>V\u00f5imalik korraldada vaid \u00f5htusel ajal alates kella 18 ja ilma toitlustuseta.<\/p>\n<p>Hind 35 eur. Grupi suurus alates 10 osalejat kuni 20 osalejat.<\/p>\n<p>Kui leidsid siit oma ettev\u00f5ttele sobiva \u00fcrituse v\u00f5ta \u00fchendust\u00a0<a href=\"mailto:signe@%C3%B5pitoad.ee\">signe@\u00f5pitoad.ee<\/a>\u00a0v\u00f5i tel 5143385 ja anna teada oma soovist.<\/p>\n<p>&nbsp;<\/p>\n\t\t\t\t<img loading=\"lazy\" decoding=\"async\" src=\"https:\/\/\u00f5pitoad.ee\/wp-content\/uploads\/2023\/09\/clip_image008.jpg\" alt=\"clip_image008\" itemprop=\"image\" height=\"438\" width=\"585\" title=\"clip_image008\" onerror=\"this.style.display='none'\"  \/>\n\t<h3><b>Signelly Tr\u00fchvlite \u00f5pituba sinu enda peopaigas<\/b><\/h3>\n<table>\n<tbody>\n<tr>\n<td width=\"551\">Kui sul on tulekul vahva j\u00f5ulupiu, kuid puudu vaid \u00fcks oluline asi &#8211; isetegemise r\u00f5\u00f5m. Siis kutsu Signelly Tr\u00fchvlite \u00f5pituba ja teeme sinu peo magusaks.\n<p>Valmistame koos belgiap\u00e4raseid kastetuid tr\u00fchvleid ja prantsusp\u00e4raseid pehmeid tr\u00fchvleid, millele v\u00f5imalik valida kuni 30 erineva katte seiast. Viid kaasa kuni karbiga 16 omatehtud tr\u00fchvlit.<\/p>\nV\u00e4ljaspool Harjumaad alates 20 osalejaga gruppidele.<\/td>\n<\/tr>\n<tr>\n<td width=\"551\">Kui leidsid siit oma ettev\u00f5ttele sobiva \u00fcrituse v\u00f5ta \u00fchendust\u00a0<a href=\"mailto:signe@%C3%B5pitoad.ee\">signe@\u00f5pitoad.ee<\/a>\u00a0v\u00f5i tel 5143385 ja anna teada oma soovist.<\/td>\n<\/tr>\n<\/tbody>\n<\/table>\n<p>&nbsp;<\/p>\n\t\t\t\t<img loading=\"lazy\" decoding=\"async\" src=\"https:\/\/\u00f5pitoad.ee\/wp-content\/uploads\/2023\/09\/clip_image010.jpg\" alt=\"clip_image010\" itemprop=\"image\" height=\"1033\" width=\"1377\" title=\"clip_image010\" onerror=\"this.style.display='none'\"  \/>\n","protected":false},"excerpt":{"rendered":"<p>J\u00f5ulupidu Tr\u00fchvlite \u00f5pitoaga La Bocca restoranis. Mahutab kuni 50 osalejat Naudi elu nagu itaalane &#8211; Itaalia stiilis La Bocca restoranis on lai vali parimaid maitseid. V\u00e4rske pasta, pitzza ja dolci valmivad sinu silme all. Sinu unustamatu j\u00f5ulupidu algab siit. V\u00f5imalik valida grupimen\u00fc\u00fcd kui ka a\u2019la carte toidud. Kui leidsid siit oma ettev\u00f5ttele sobiva \u00fcrituse v\u00f5ta&hellip;<\/p>\n","protected":false},"author":1,"featured_media":0,"parent":0,"menu_order":0,"comment_status":"closed","ping_status":"closed","template":"","meta":{"footnotes":""},"class_list":["post-404","page","type-page","status-publish","hentry"],"_links":{"self":[{"href":"https:\/\/\u00f5pitoad.ee\/index.php?rest_route=\/wp\/v2\/pages\/404","targetHints":{"allow":["GET"]}}],"collection":[{"href":"https:\/\/\u00f5pitoad.ee\/index.php?rest_route=\/wp\/v2\/pages"}],"about":[{"href":"https:\/\/\u00f5pitoad.ee\/index.php?rest_route=\/wp\/v2\/types\/page"}],"author":[{"embeddable":true,"href":"https:\/\/\u00f5pitoad.ee\/index.php?rest_route=\/wp\/v2\/users\/1"}],"replies":[{"embeddable":true,"href":"https:\/\/\u00f5pitoad.ee\/index.php?rest_route=%2Fwp%2Fv2%2Fcomments&post=404"}],"version-history":[{"count":4,"href":"https:\/\/\u00f5pitoad.ee\/index.php?rest_route=\/wp\/v2\/pages\/404\/revisions"}],"predecessor-version":[{"id":486,"href":"https:\/\/\u00f5pitoad.ee\/index.php?rest_route=\/wp\/v2\/pages\/404\/revisions\/486"}],"wp:attachment":[{"href":"https:\/\/\u00f5pitoad.ee\/index.php?rest_route=%2Fwp%2Fv2%2Fmedia&parent=404"}],"curies":[{"name":"wp","href":"https:\/\/api.w.org\/{rel}","templated":true}]}}