{"id":41,"date":"2019-10-31T18:58:03","date_gmt":"2019-10-31T16:58:03","guid":{"rendered":"https:\/\/koduleht.pro\/tryhvliteopitoad\/?page_id=41"},"modified":"2020-07-03T13:03:56","modified_gmt":"2020-07-03T13:03:56","slug":"tee-oma-armsatele-klientidele-ise-joulukingitused-sokolaaditruhvlid","status":"publish","type":"page","link":"https:\/\/\u00f5pitoad.ee\/?page_id=41","title":{"rendered":"Tee oma klientidele ise j\u00f5ulukingitused &#8211; \u0161okolaaditr\u00fchvlid."},"content":{"rendered":"\n\t\t\t\t<img decoding=\"async\" src=\"http:\/\/koduleht.pro\/tryhvliteopitoad\/wp-content\/uploads\/sites\/295\/2019\/10\/IMG_4314.jpg\" alt=\"IMG_4314\" itemprop=\"image\" title=\"IMG_4314\" onerror=\"this.style.display='none'\"  \/>\n\t<h2>Tee oma klientidele ise j\u00f5ulukingitused &#8211; \u0161okolaaditr\u00fchvlid.<\/h2>\n<p>Miski pole nii s\u00fcdamlik, kui ise valmistatud asjad. T\u00e4na oma kliente eduka koost\u00f6\u00f6 eest ja valmista oma t\u00f6\u00f6tajatega neile meeldiv J\u00f5ulu\u00fcllatus &#8211; kinkepakid \u0161okolaaditr\u00fchvlitega. Kogenud \u00f5pitubade l\u00e4biviija juhendamisel teeme kaunid karbit\u00e4ied kingituseks.<\/p>\n\t\t\t<a href=\"https:\/\/xn--pitoad-oxa.ee\/?page_id=191&#038;fl\" target=\"_self\" role=\"button\" rel=\"noopener noreferrer\">\n\t\t\t\t\t\t\tSee \u00f5pituba sobib mulle\n\t\t\t\t\t<\/a>\n","protected":false},"excerpt":{"rendered":"<p>Tee oma klientidele ise j\u00f5ulukingitused &#8211; \u0161okolaaditr\u00fchvlid. Miski pole nii s\u00fcdamlik, kui ise valmistatud asjad. T\u00e4na oma kliente eduka koost\u00f6\u00f6 eest ja valmista oma t\u00f6\u00f6tajatega neile meeldiv J\u00f5ulu\u00fcllatus &#8211; kinkepakid \u0161okolaaditr\u00fchvlitega. Kogenud \u00f5pitubade l\u00e4biviija juhendamisel teeme kaunid karbit\u00e4ied kingituseks. See \u00f5pituba sobib mulle<\/p>\n","protected":false},"author":1,"featured_media":0,"parent":0,"menu_order":0,"comment_status":"closed","ping_status":"closed","template":"","meta":{"footnotes":""},"class_list":["post-41","page","type-page","status-publish","hentry"],"_links":{"self":[{"href":"https:\/\/\u00f5pitoad.ee\/index.php?rest_route=\/wp\/v2\/pages\/41","targetHints":{"allow":["GET"]}}],"collection":[{"href":"https:\/\/\u00f5pitoad.ee\/index.php?rest_route=\/wp\/v2\/pages"}],"about":[{"href":"https:\/\/\u00f5pitoad.ee\/index.php?rest_route=\/wp\/v2\/types\/page"}],"author":[{"embeddable":true,"href":"https:\/\/\u00f5pitoad.ee\/index.php?rest_route=\/wp\/v2\/users\/1"}],"replies":[{"embeddable":true,"href":"https:\/\/\u00f5pitoad.ee\/index.php?rest_route=%2Fwp%2Fv2%2Fcomments&post=41"}],"version-history":[{"count":6,"href":"https:\/\/\u00f5pitoad.ee\/index.php?rest_route=\/wp\/v2\/pages\/41\/revisions"}],"predecessor-version":[{"id":257,"href":"https:\/\/\u00f5pitoad.ee\/index.php?rest_route=\/wp\/v2\/pages\/41\/revisions\/257"}],"wp:attachment":[{"href":"https:\/\/\u00f5pitoad.ee\/index.php?rest_route=%2Fwp%2Fv2%2Fmedia&parent=41"}],"curies":[{"name":"wp","href":"https:\/\/api.w.org\/{rel}","templated":true}]}}