{"id":43,"date":"2019-10-31T18:58:32","date_gmt":"2019-10-31T16:58:32","guid":{"rendered":"https:\/\/koduleht.pro\/tryhvliteopitoad\/?page_id=43"},"modified":"2025-01-17T20:04:29","modified_gmt":"2025-01-17T20:04:29","slug":"tootajate-motivatsioonikoolitus-koos-valmistame-truhvleid","status":"publish","type":"page","link":"https:\/\/\u00f5pitoad.ee\/?page_id=43","title":{"rendered":"T\u00f6\u00f6tajate motivatsioonikoolitus &#8211; koos valmistame tr\u00fchvleid"},"content":{"rendered":"\n\t\t\t\t<img decoding=\"async\" src=\"http:\/\/koduleht.pro\/tryhvliteopitoad\/wp-content\/uploads\/sites\/295\/2019\/10\/L\u00f5busad-kommis\u00f6\u00f6jad.jpg\" alt=\"L\u00f5busad kommis\u00f6\u00f6jad\" itemprop=\"image\" title=\"L\u00f5busad kommis\u00f6\u00f6jad\" onerror=\"this.style.display='none'\"  \/>\n\t<h2>T\u00f6\u00f6tajate motivatsioonikoolitus &#8211; koos valmistame tr\u00fchvleid.<\/h2>\n<p>Kui sulle tundub, et sinu kollektiiv vajab s\u00e4rtsu ja koostegemise r\u00f5\u00f5mu, pole midagi parimat, kui \u00fcks korralik \u015bokolaadilaks. Energiat andev ja meeleolu t\u00f5stev, &#8220;jumalate s\u00f6\u00f6giks&#8221; nimetatav \u015bokolaad maitseb k\u00f5igile ja koostegemise r\u00f5\u00f5m liidab meeskonda.<\/p>\n<p>Seda \u00fcritust on v\u00f5imalik korraldada meie rumes Juhkentali tn 11, saluti v\u00e4ljas\u00f5iduga teie ruumesse.<\/p>\n<p>Ja samuti ka koost\u00f6\u00f6s Roof restorani 3 k\u00e4igulise \u00f5htus\u00f6\u00f6giga, kus pidu kestab pikemalt.<\/p>\n<p>K\u00fcsi pakkumist! tel 5143385<\/p>\n<p>&nbsp;<\/p>\n\t\t\t<a href=\"https:\/\/\u00f5pitoad.ee\/?page_id=6\" target=\"_self\" role=\"button\" rel=\"noopener noreferrer\">\n\t\t\t\t\t\t\tSee \u00f5pituba sobib mulle\n\t\t\t\t\t<\/a>\n","protected":false},"excerpt":{"rendered":"<p>T\u00f6\u00f6tajate motivatsioonikoolitus &#8211; koos valmistame tr\u00fchvleid. Kui sulle tundub, et sinu kollektiiv vajab s\u00e4rtsu ja koostegemise r\u00f5\u00f5mu, pole midagi parimat, kui \u00fcks korralik \u015bokolaadilaks. Energiat andev ja meeleolu t\u00f5stev, &#8220;jumalate s\u00f6\u00f6giks&#8221; nimetatav \u015bokolaad maitseb k\u00f5igile ja koostegemise r\u00f5\u00f5m liidab meeskonda. Seda \u00fcritust on v\u00f5imalik korraldada meie rumes Juhkentali tn 11, saluti v\u00e4ljas\u00f5iduga teie ruumesse. Ja&hellip;<\/p>\n","protected":false},"author":1,"featured_media":0,"parent":0,"menu_order":0,"comment_status":"closed","ping_status":"closed","template":"","meta":{"footnotes":""},"class_list":["post-43","page","type-page","status-publish","hentry"],"_links":{"self":[{"href":"https:\/\/\u00f5pitoad.ee\/index.php?rest_route=\/wp\/v2\/pages\/43","targetHints":{"allow":["GET"]}}],"collection":[{"href":"https:\/\/\u00f5pitoad.ee\/index.php?rest_route=\/wp\/v2\/pages"}],"about":[{"href":"https:\/\/\u00f5pitoad.ee\/index.php?rest_route=\/wp\/v2\/types\/page"}],"author":[{"embeddable":true,"href":"https:\/\/\u00f5pitoad.ee\/index.php?rest_route=\/wp\/v2\/users\/1"}],"replies":[{"embeddable":true,"href":"https:\/\/\u00f5pitoad.ee\/index.php?rest_route=%2Fwp%2Fv2%2Fcomments&post=43"}],"version-history":[{"count":6,"href":"https:\/\/\u00f5pitoad.ee\/index.php?rest_route=\/wp\/v2\/pages\/43\/revisions"}],"predecessor-version":[{"id":467,"href":"https:\/\/\u00f5pitoad.ee\/index.php?rest_route=\/wp\/v2\/pages\/43\/revisions\/467"}],"wp:attachment":[{"href":"https:\/\/\u00f5pitoad.ee\/index.php?rest_route=%2Fwp%2Fv2%2Fmedia&parent=43"}],"curies":[{"name":"wp","href":"https:\/\/api.w.org\/{rel}","templated":true}]}}