{"id":87,"date":"2019-10-31T21:37:56","date_gmt":"2019-10-31T19:37:56","guid":{"rendered":"https:\/\/koduleht.pro\/tryhvliteopitoad\/?page_id=87"},"modified":"2020-07-03T13:21:19","modified_gmt":"2020-07-03T13:21:19","slug":"truhvlite-opituba-emadepaevaks","status":"publish","type":"page","link":"https:\/\/\u00f5pitoad.ee\/?page_id=87","title":{"rendered":"Tr\u00fchvlite \u00f5pituba emadep\u00e4evaks"},"content":{"rendered":"\n\t\t\t\t<img decoding=\"async\" src=\"http:\/\/koduleht.pro\/tryhvliteopitoad\/wp-content\/uploads\/sites\/295\/2019\/10\/tassid-ja-roos-v\u00e4ikem.jpg\" alt=\"tassid ja roos v\u00e4ikem\" itemprop=\"image\" title=\"tassid ja roos v\u00e4ikem\" onerror=\"this.style.display='none'\"  \/>\n\t<table width=\"100%\">\n<tbody>\n<tr>\n<td>\n<h1>Kingi emale \u00fcks ilus p\u00e4ev!<\/h1>\n<\/td>\n<\/tr>\n<\/tbody>\n<\/table>\n<p>&nbsp;<\/p>\n<table width=\"100%\">\n<tbody>\n<tr>\n<td>K\u00f5ige v\u00e4iksemgi t\u00e4nu ja meeles pidamine on meie kallitele emadele imeline \u00fcllatus.\n<p>Kutsu Signelly \u00f5pitoad emadep\u00e4eva eel l\u00e4bi viima tr\u00fchvlite valmistamise \u00f5pituba, kus teeme kaunid kommmid emadele kingituseks v\u00f5i ka emad ise osa v\u00f5tma ja tr\u00fchvlikommide valmistamist \u00f5ppima. See on k\u00f5ige maitsvamate \u015bokolaaditr\u00fchvlite \u00f5pituba, kus osaleja saab oskused k\u00e4sit\u00f6\u00f6tr\u00fchvlite valmistamiseks. Veeretad oma k\u00e4tega erinevaid tr\u00fchvlikomme, asetad kaunisse kommikarpi, millega saad need edasi kinkida.<\/p>\n<p>Et tr\u00fchvleid edaspidi ise valmistada, saab kaasa retseptid.<\/p>\n&nbsp;<\/td>\n<\/tr>\n<\/tbody>\n<\/table>\n\t\t\t<a href=\"https:\/\/xn--pitoad-oxa.ee\/?page_id=191&#038;fl\" target=\"_self\" role=\"button\" rel=\"noopener noreferrer\">\n\t\t\t\t\t\t\tSoovin osta kinkekaardi\n\t\t\t\t\t<\/a>\n","protected":false},"excerpt":{"rendered":"<p>Kingi emale \u00fcks ilus p\u00e4ev! &nbsp; K\u00f5ige v\u00e4iksemgi t\u00e4nu ja meeles pidamine on meie kallitele emadele imeline \u00fcllatus. Kutsu Signelly \u00f5pitoad emadep\u00e4eva eel l\u00e4bi viima tr\u00fchvlite valmistamise \u00f5pituba, kus teeme kaunid kommmid emadele kingituseks v\u00f5i ka emad ise osa v\u00f5tma ja tr\u00fchvlikommide valmistamist \u00f5ppima. See on k\u00f5ige maitsvamate \u015bokolaaditr\u00fchvlite \u00f5pituba, kus osaleja saab oskused k\u00e4sit\u00f6\u00f6tr\u00fchvlite&hellip;<\/p>\n","protected":false},"author":1,"featured_media":0,"parent":0,"menu_order":0,"comment_status":"closed","ping_status":"closed","template":"","meta":{"footnotes":""},"class_list":["post-87","page","type-page","status-publish","hentry"],"_links":{"self":[{"href":"https:\/\/\u00f5pitoad.ee\/index.php?rest_route=\/wp\/v2\/pages\/87","targetHints":{"allow":["GET"]}}],"collection":[{"href":"https:\/\/\u00f5pitoad.ee\/index.php?rest_route=\/wp\/v2\/pages"}],"about":[{"href":"https:\/\/\u00f5pitoad.ee\/index.php?rest_route=\/wp\/v2\/types\/page"}],"author":[{"embeddable":true,"href":"https:\/\/\u00f5pitoad.ee\/index.php?rest_route=\/wp\/v2\/users\/1"}],"replies":[{"embeddable":true,"href":"https:\/\/\u00f5pitoad.ee\/index.php?rest_route=%2Fwp%2Fv2%2Fcomments&post=87"}],"version-history":[{"count":4,"href":"https:\/\/\u00f5pitoad.ee\/index.php?rest_route=\/wp\/v2\/pages\/87\/revisions"}],"predecessor-version":[{"id":275,"href":"https:\/\/\u00f5pitoad.ee\/index.php?rest_route=\/wp\/v2\/pages\/87\/revisions\/275"}],"wp:attachment":[{"href":"https:\/\/\u00f5pitoad.ee\/index.php?rest_route=%2Fwp%2Fv2%2Fmedia&parent=87"}],"curies":[{"name":"wp","href":"https:\/\/api.w.org\/{rel}","templated":true}]}}