{"id":93,"date":"2019-10-31T21:39:37","date_gmt":"2019-10-31T19:39:37","guid":{"rendered":"https:\/\/koduleht.pro\/tryhvliteopitoad\/?page_id=93"},"modified":"2025-01-17T20:21:35","modified_gmt":"2025-01-17T20:21:35","slug":"truhvlite-opituba-sunnipaevale","status":"publish","type":"page","link":"https:\/\/\u00f5pitoad.ee\/?page_id=93","title":{"rendered":"Tr\u00fchvlite \u00f5pituba s\u00fcnnip\u00e4evale"},"content":{"rendered":"\n\t<h3>Tegus s\u00fcnnip\u00e4ev toitlustusega Argentiina restoranis.<\/h3>\n<p>Tahad veeta tegusa s\u00fcnnip\u00e4eva ja kostitada ka oma k\u00fclalised. Panime kokku kaks maitsvat asja Tr\u00fchvlite \u00f5pituba ja Argentiina restorani maitsvad s\u00f6\u00f6gid. S\u00fcnnipeva pidamiseks on v\u00f5imalik valida Argentiina restorani privaatsaalid Lootsi 8, Tallinn v\u00f5i Tartu mnt 80, Tallinn. \u00d5pitoa kestus 1,5 tundi millele j\u00e4rgnev toitlustus vali allolevast men\u00fc\u00fcst. Paketi hind 85. eur osav\u00f5tja. Grupid alates 10 osalejast.<\/p>\n<p>GRUPIMEN\u00dc\u00dc I<\/p>\n<p>Rikkalik v\u00e4rske salat grillitud\u00a0 kanafilee ja tsitruse vinegretiga<\/p>\n<p>S\u00fctel grillitud Iberico seakarree, r\u00f6stitud kartuli, k\u00f6\u00f6giviljade ja seenekastmega<\/p>\n<p>Amaretto j\u00e4\u00e4tis ja minipannkoogid<\/p>\n<p>GRUPIMEN\u00dc\u00dc II<\/p>\n<p>Suitsul\u00f5hesalat avokaado, maasikate ja kookose-t\u0161illikastmega<\/p>\n<p>Grillitud pardi rinnafilee maapirnikreemi ja metsamarja kastmega<\/p>\n<p>Majakook marjakastmega<\/p>\n<p>GRUPIMEN\u00dc\u00dc III<\/p>\n<p>Grillitud veise sisefileel\u00f5igud marineeritud seente, fermenteeritud kurgi ja parmesani-\u00fcrdikastmega<\/p>\n<p>Grillitud l\u00f5hefilee r\u00f6stitud kartulite, spargli ja beurre blanc kastmega<\/p>\n<p>Besee \u0161okolaadi moussee ja vaarikakastmega<\/p>\n<p>Kui aga tahas s\u00fcnnip\u00e4eva veeta oma ruumes, siis tuleme kohale sinna, kus pead oma s\u00fcnnip\u00e4eva ja soovid \u00f5pituba l\u00e4bi viia, meil on kaasas k\u00f5ik vajalikud materjalid, \u00f5pitoa kestus ca 1,5.<\/p>\n<p>Iga osaleja teeb ise maitsvaid komme, s\u00f6\u00f6b kohapeal ja viib neid ka kauni karbiga koju. V\u00f5ta \u00fchendust aja broneerimiseks.<\/p>\n<p>&nbsp;<\/p>\n\t\t\t<a href=\"https:\/\/xn--pitoad-oxa.ee\/?page_id=191&#038;fl\" target=\"_self\" role=\"button\" rel=\"noopener noreferrer\">\n\t\t\t\t\t\t\tTellin \u00f5pitoa s\u00fcnnip\u00e4evale\n\t\t\t\t\t<\/a>\n\t\t\t\t<img loading=\"lazy\" decoding=\"async\" src=\"https:\/\/\u00f5pitoad.ee\/wp-content\/uploads\/2025\/01\/IMG_4264-scaled.jpeg\" alt=\"IMG_4264\" itemprop=\"image\" height=\"1920\" width=\"2560\" title=\"IMG_4264\" onerror=\"this.style.display='none'\"  \/>\n\t<h3>Tr\u00fchvilte \u00f5pituba s\u00fcnnip\u00e4evale.<\/h3>\n<p>Kui aga tahad s\u00fcnnip\u00e4eva veeta oma ruumes, siis tuleme kohale sinu s\u00fcnnip\u00e4evapeole. Meil on kaasas k\u00f5ik vajalikud materjalid, \u00f5pitoa kestus ca 1,5.<\/p>\n<p>Iga osaleja teeb ise maitsvaid komme, s\u00f6\u00f6b kohapeal ja viib neid ka kauni karbiga koju. V\u00f5ta \u00fchendust aja broneerimiseks.<\/p>\n\t\t\t<a href=\"https:\/\/xn--pitoad-oxa.ee\/?page_id=191&#038;fl\" target=\"_self\" role=\"button\" rel=\"noopener noreferrer\">\n\t\t\t\t\t\t\tTellin \u00f5pitoa s\u00fcnnip\u00e4evale\n\t\t\t\t\t<\/a>\n","protected":false},"excerpt":{"rendered":"<p>Tegus s\u00fcnnip\u00e4ev toitlustusega Argentiina restoranis. Tahad veeta tegusa s\u00fcnnip\u00e4eva ja kostitada ka oma k\u00fclalised. Panime kokku kaks maitsvat asja Tr\u00fchvlite \u00f5pituba ja Argentiina restorani maitsvad s\u00f6\u00f6gid. S\u00fcnnipeva pidamiseks on v\u00f5imalik valida Argentiina restorani privaatsaalid Lootsi 8, Tallinn v\u00f5i Tartu mnt 80, Tallinn. \u00d5pitoa kestus 1,5 tundi millele j\u00e4rgnev toitlustus vali allolevast men\u00fc\u00fcst. Paketi hind 85.&hellip;<\/p>\n","protected":false},"author":1,"featured_media":0,"parent":0,"menu_order":0,"comment_status":"closed","ping_status":"closed","template":"","meta":{"footnotes":""},"class_list":["post-93","page","type-page","status-publish","hentry"],"_links":{"self":[{"href":"https:\/\/\u00f5pitoad.ee\/index.php?rest_route=\/wp\/v2\/pages\/93","targetHints":{"allow":["GET"]}}],"collection":[{"href":"https:\/\/\u00f5pitoad.ee\/index.php?rest_route=\/wp\/v2\/pages"}],"about":[{"href":"https:\/\/\u00f5pitoad.ee\/index.php?rest_route=\/wp\/v2\/types\/page"}],"author":[{"embeddable":true,"href":"https:\/\/\u00f5pitoad.ee\/index.php?rest_route=\/wp\/v2\/users\/1"}],"replies":[{"embeddable":true,"href":"https:\/\/\u00f5pitoad.ee\/index.php?rest_route=%2Fwp%2Fv2%2Fcomments&post=93"}],"version-history":[{"count":11,"href":"https:\/\/\u00f5pitoad.ee\/index.php?rest_route=\/wp\/v2\/pages\/93\/revisions"}],"predecessor-version":[{"id":473,"href":"https:\/\/\u00f5pitoad.ee\/index.php?rest_route=\/wp\/v2\/pages\/93\/revisions\/473"}],"wp:attachment":[{"href":"https:\/\/\u00f5pitoad.ee\/index.php?rest_route=%2Fwp%2Fv2%2Fmedia&parent=93"}],"curies":[{"name":"wp","href":"https:\/\/api.w.org\/{rel}","templated":true}]}}